{"id":479,"date":"2023-02-01T14:36:14","date_gmt":"2023-02-01T14:36:14","guid":{"rendered":"http:\/\/schollconcepts-fulfillment.com\/?post_type=product&#038;p=479"},"modified":"2023-02-01T14:39:22","modified_gmt":"2023-02-01T14:39:22","slug":"spam-universalreiniger","status":"publish","type":"product","link":"https:\/\/schollconcepts-fulfillment.com\/en\/product\/spam-universalreiniger\/","title":{"rendered":"SPAM UNIVERSAL CLEANER"},"content":{"rendered":"<p>SPAM ist ein hochwirksamer und materialschonender Universalreiniger zur m\u00fchelosen Beseitigung unterschiedlichster Verschmutzungen auf nahezu allen Oberfl\u00e4chen im Kfz-, Boots-, Caravan-, M\u00f6bel- und Haushaltsbereich. Die &#8222;Ready To Use&#8220; &#8211; Formulierung hinterl\u00e4sst dabei einen angenehmen, frischen Duft.<\/p>\n<p>Surface cleaning of the car interior:\nSpray SPAM on the red MicroPLUS Finishing Cloth, wipe down all the smooth surfaces, rinse the cloth in water and wipe the surface again.<\/p>\n<p>Fabric and roof liner cleaning:\nSpray SPAM on the dirty area and rub out in a circular motion with a damp red MicroPLUS Finishing Cloth. Remove the dissolved grime using a vacuum cleaner or a spray extraction device!<\/p>\n<p>Removal of stubborn grime in vehicle interiors: \nExample: Removal of shoe scuff marks on door panels: Apply SPAM on the DIRT ERASER Pad and work the dirty area until clean. Wipe down with a damp red MicroPLUS Finishing Cloth.<\/p>","protected":false},"excerpt":{"rendered":"<p>SPAM ist ein hochwirksamer und materialschonender Universalreiniger zur m\u00fchelosen Beseitigung unterschiedlichster Verschmutzungen auf nahezu allen Oberfl\u00e4chen im Kfz-, Boots-, Caravan-, M\u00f6bel- und Haushaltsbereich. Die &#8222;Ready To Use&#8220; &#8211; Formulierung hinterl\u00e4sst dabei einen angenehmen, frischen Duft.<\/p>\n<p>Surface cleaning of the car interior:\nSpray SPAM on the red MicroPLUS Finishing Cloth, wipe down all the smooth surfaces, rinse the cloth in water and wipe the surface again.<\/p>\n<p>Fabric and roof liner cleaning:\nSpray SPAM on the dirty area and rub out in a circular motion with a damp red MicroPLUS Finishing Cloth. Remove the dissolved grime using a vacuum cleaner or a spray extraction device!<\/p>\n<p>Removal of stubborn grime in vehicle interiors: \nExample: Removal of shoe scuff marks on door panels: Apply SPAM on the DIRT ERASER Pad and work the dirty area until clean. Wipe down with a damp red MicroPLUS Finishing Cloth.<\/p>","protected":false},"featured_media":530,"comment_status":"open","ping_status":"closed","template":"","meta":{"_et_pb_use_builder":"","_et_pb_old_content":"","_et_gb_content_width":""},"product_cat":[20],"product_tag":[],"_links":{"self":[{"href":"https:\/\/schollconcepts-fulfillment.com\/en\/wp-json\/wp\/v2\/product\/479"}],"collection":[{"href":"https:\/\/schollconcepts-fulfillment.com\/en\/wp-json\/wp\/v2\/product"}],"about":[{"href":"https:\/\/schollconcepts-fulfillment.com\/en\/wp-json\/wp\/v2\/types\/product"}],"replies":[{"embeddable":true,"href":"https:\/\/schollconcepts-fulfillment.com\/en\/wp-json\/wp\/v2\/comments?post=479"}],"wp:featuredmedia":[{"embeddable":true,"href":"https:\/\/schollconcepts-fulfillment.com\/en\/wp-json\/wp\/v2\/media\/530"}],"wp:attachment":[{"href":"https:\/\/schollconcepts-fulfillment.com\/en\/wp-json\/wp\/v2\/media?parent=479"}],"wp:term":[{"taxonomy":"product_cat","embeddable":true,"href":"https:\/\/schollconcepts-fulfillment.com\/en\/wp-json\/wp\/v2\/product_cat?post=479"},{"taxonomy":"product_tag","embeddable":true,"href":"https:\/\/schollconcepts-fulfillment.com\/en\/wp-json\/wp\/v2\/product_tag?post=479"}],"curies":[{"name":"wp","href":"https:\/\/api.w.org\/{rel}","templated":true}]}}